{"id":487,"date":"2017-11-08T14:56:17","date_gmt":"2017-11-08T13:56:17","guid":{"rendered":"http:\/\/bft-media.com\/?page_id=487"},"modified":"2025-01-14T16:40:35","modified_gmt":"2025-01-14T15:40:35","slug":"prestations","status":"publish","type":"page","link":"https:\/\/bft-media.com\/en\/prestations\/","title":{"rendered":"Prestations"},"content":{"rendered":"<p class=\"qtranxs-available-languages-message qtranxs-available-languages-message-en\">Sorry, this entry is only available in <a href=\"https:\/\/bft-media.com\/fr\/wp-json\/wp\/v2\/pages\/487\" class=\"qtranxs-available-language-link qtranxs-available-language-link-fr\" title=\"Fran\u00e7ais\">Fran\u00e7ais<\/a>.<\/p><p><\/p>\n<div style=\"background: rgba(255, 255, 255, 0.3); padding: 6%; text-align: justify; min-height: 230px; position: relative;\">\n<h2 style=\"font-family: 'Titillium Web', sans-serif; color: #fff; text-transform: uppercase;\"><strong>La production de vid\u00e9o Outdoor demande aujourd\u2019hui beaucoup de qualit\u00e9, de diversit\u00e9 et d\u2019originalit\u00e9 dans les prises de vues.<\/strong><\/h2>\n<p><span class=\"nom\" style=\"color: #fff; font-family: 'Titillium Web', sans-serif;\"><a href=\"https:\/\/bft-media.com\/category\/realisations\/\">Nos r\u00e9alisations<\/a> \/ <a href=\"http:\/\/bft-media.com\/nous-contacter\/\">Nous contacter<\/a><\/span><\/p>\n<\/div>\n<div style=\"background: rgba(255, 255, 255, 0.6); color: #000!important; border-top: 1px solid rgba(255, 255, 255, 0.5); padding: 6%; text-align: justify; min-height: 218px;\">\n<h3 style=\"color: #000!important;\">BFT m\u00e9dia r\u00e9alise et produit des vid\u00e9os en 4k, slow motion (ralentis) et stabilis\u00e9es. Ces images sont d\u00e9clin\u00e9es en prises de vues subaquatiques et a\u00e9riennes.<\/h3>\n<h3><\/h3>\n<h3 style=\"color: #000!important;\">Cette diversit\u00e9 de prises de vues apporte une richesse et une grande originalit\u00e9 \u00e0 vos projets m\u00e9dia.<\/h3>\n<\/div>\n<p><\/p>","protected":false},"excerpt":{"rendered":"<p>Sorry, this entry is only available in Fran\u00e7ais. La production de vid\u00e9o Outdoor demande aujourd\u2019hui beaucoup de qualit\u00e9, de diversit\u00e9 et d\u2019originalit\u00e9 dans les prises de vues. Nos r\u00e9alisations \/ Nous contacter BFT m\u00e9dia r\u00e9alise et produit des vid\u00e9os en 4k, slow motion (ralentis) et stabilis\u00e9es. Ces images sont d\u00e9clin\u00e9es en prises de vues subaquatiques [&hellip;]<\/p>\n","protected":false},"author":35,"featured_media":0,"parent":0,"menu_order":0,"comment_status":"closed","ping_status":"closed","template":"page-prestations.php","meta":{"_acf_changed":false,"footnotes":""},"class_list":["post-487","page","type-page","status-publish","hentry"],"acf":[],"yoast_head":"<!-- This site is optimized with the Yoast SEO plugin v27.4 - https:\/\/yoast.com\/product\/yoast-seo-wordpress\/ -->\n<title>Prestations - BFT Media<\/title>\n<meta name=\"robots\" content=\"index, follow, max-snippet:-1, max-image-preview:large, max-video-preview:-1\" \/>\n<link rel=\"canonical\" href=\"https:\/\/bft-media.com\/en\/prestations\/\" \/>\n<meta property=\"og:locale\" content=\"en_US\" \/>\n<meta property=\"og:type\" content=\"article\" \/>\n<meta property=\"og:title\" content=\"Prestations - BFT Media\" \/>\n<meta property=\"og:description\" content=\"Sorry, this entry is only available in Fran\u00e7ais. La production de vid\u00e9o Outdoor demande aujourd\u2019hui beaucoup de qualit\u00e9, de diversit\u00e9 et d\u2019originalit\u00e9 dans les prises de vues. Nos r\u00e9alisations \/ Nous contacter BFT m\u00e9dia r\u00e9alise et produit des vid\u00e9os en 4k, slow motion (ralentis) et stabilis\u00e9es. Ces images sont d\u00e9clin\u00e9es en prises de vues subaquatiques [&hellip;]\" \/>\n<meta property=\"og:url\" content=\"https:\/\/bft-media.com\/en\/prestations\/\" \/>\n<meta property=\"og:site_name\" content=\"BFT Media\" \/>\n<meta property=\"article:publisher\" content=\"https:\/\/www.facebook.com\/bftmedias\/\" \/>\n<meta property=\"article:modified_time\" content=\"2025-01-14T15:40:35+00:00\" \/>\n<meta property=\"og:image\" content=\"https:\/\/bft-media.com\/wp-content\/uploads\/2016\/04\/Logo-fond-noir-facebook.png\" \/>\n\t<meta property=\"og:image:width\" content=\"1812\" \/>\n\t<meta property=\"og:image:height\" content=\"1612\" \/>\n\t<meta property=\"og:image:type\" content=\"image\/png\" \/>\n<meta name=\"twitter:card\" content=\"summary_large_image\" \/>\n<meta name=\"twitter:label1\" content=\"Est. reading time\" \/>\n\t<meta name=\"twitter:data1\" content=\"1 minute\" \/>\n<script type=\"application\/ld+json\" class=\"yoast-schema-graph\">{\"@context\":\"https:\\\/\\\/schema.org\",\"@graph\":[{\"@type\":\"WebPage\",\"@id\":\"https:\\\/\\\/bft-media.com\\\/en\\\/prestations\\\/\",\"url\":\"https:\\\/\\\/bft-media.com\\\/en\\\/prestations\\\/\",\"name\":\"Prestations - BFT Media\",\"isPartOf\":{\"@id\":\"https:\\\/\\\/bft-media.com\\\/en\\\/#website\"},\"datePublished\":\"2017-11-08T13:56:17+00:00\",\"dateModified\":\"2025-01-14T15:40:35+00:00\",\"breadcrumb\":{\"@id\":\"https:\\\/\\\/bft-media.com\\\/en\\\/prestations\\\/#breadcrumb\"},\"inLanguage\":\"en-US\",\"potentialAction\":[{\"@type\":\"ReadAction\",\"target\":[[\"https:\\\/\\\/bft-media.com\\\/en\\\/prestations\\\/\"]]}]},{\"@type\":\"BreadcrumbList\",\"@id\":\"https:\\\/\\\/bft-media.com\\\/en\\\/prestations\\\/#breadcrumb\",\"itemListElement\":[{\"@type\":\"ListItem\",\"position\":1,\"name\":\"Accueil\",\"item\":\"https:\\\/\\\/bft-media.com\\\/en\\\/\"},{\"@type\":\"ListItem\",\"position\":2,\"name\":\"Prestations\"}]},{\"@type\":\"WebSite\",\"@id\":\"https:\\\/\\\/bft-media.com\\\/en\\\/#website\",\"url\":\"https:\\\/\\\/bft-media.com\\\/en\\\/\",\"name\":\"BFT Media\",\"description\":\"Blue Fin Tuna on the Fly\",\"potentialAction\":[{\"@type\":\"SearchAction\",\"target\":{\"@type\":\"EntryPoint\",\"urlTemplate\":\"https:\\\/\\\/bft-media.com\\\/en\\\/?s={search_term_string}\"},\"query-input\":{\"@type\":\"PropertyValueSpecification\",\"valueRequired\":true,\"valueName\":\"search_term_string\"}}],\"inLanguage\":\"en-US\"}]}<\/script>\n<!-- \/ Yoast SEO plugin. -->","yoast_head_json":{"title":"Prestations - BFT Media","robots":{"index":"index","follow":"follow","max-snippet":"max-snippet:-1","max-image-preview":"max-image-preview:large","max-video-preview":"max-video-preview:-1"},"canonical":"https:\/\/bft-media.com\/en\/prestations\/","og_locale":"en_US","og_type":"article","og_title":"Prestations - BFT Media","og_description":"Sorry, this entry is only available in Fran\u00e7ais. La production de vid\u00e9o Outdoor demande aujourd\u2019hui beaucoup de qualit\u00e9, de diversit\u00e9 et d\u2019originalit\u00e9 dans les prises de vues. Nos r\u00e9alisations \/ Nous contacter BFT m\u00e9dia r\u00e9alise et produit des vid\u00e9os en 4k, slow motion (ralentis) et stabilis\u00e9es. Ces images sont d\u00e9clin\u00e9es en prises de vues subaquatiques [&hellip;]","og_url":"https:\/\/bft-media.com\/en\/prestations\/","og_site_name":"BFT Media","article_publisher":"https:\/\/www.facebook.com\/bftmedias\/","article_modified_time":"2025-01-14T15:40:35+00:00","og_image":[{"width":1812,"height":1612,"url":"https:\/\/bft-media.com\/wp-content\/uploads\/2016\/04\/Logo-fond-noir-facebook.png","type":"image\/png"}],"twitter_card":"summary_large_image","twitter_misc":{"Est. reading time":"1 minute"},"schema":{"@context":"https:\/\/schema.org","@graph":[{"@type":"WebPage","@id":"https:\/\/bft-media.com\/en\/prestations\/","url":"https:\/\/bft-media.com\/en\/prestations\/","name":"Prestations - BFT Media","isPartOf":{"@id":"https:\/\/bft-media.com\/en\/#website"},"datePublished":"2017-11-08T13:56:17+00:00","dateModified":"2025-01-14T15:40:35+00:00","breadcrumb":{"@id":"https:\/\/bft-media.com\/en\/prestations\/#breadcrumb"},"inLanguage":"en-US","potentialAction":[{"@type":"ReadAction","target":[["https:\/\/bft-media.com\/en\/prestations\/"]]}]},{"@type":"BreadcrumbList","@id":"https:\/\/bft-media.com\/en\/prestations\/#breadcrumb","itemListElement":[{"@type":"ListItem","position":1,"name":"Accueil","item":"https:\/\/bft-media.com\/en\/"},{"@type":"ListItem","position":2,"name":"Prestations"}]},{"@type":"WebSite","@id":"https:\/\/bft-media.com\/en\/#website","url":"https:\/\/bft-media.com\/en\/","name":"BFT Media","description":"Blue Fin Tuna on the Fly","potentialAction":[{"@type":"SearchAction","target":{"@type":"EntryPoint","urlTemplate":"https:\/\/bft-media.com\/en\/?s={search_term_string}"},"query-input":{"@type":"PropertyValueSpecification","valueRequired":true,"valueName":"search_term_string"}}],"inLanguage":"en-US"}]}},"_links":{"self":[{"href":"https:\/\/bft-media.com\/en\/wp-json\/wp\/v2\/pages\/487","targetHints":{"allow":["GET"]}}],"collection":[{"href":"https:\/\/bft-media.com\/en\/wp-json\/wp\/v2\/pages"}],"about":[{"href":"https:\/\/bft-media.com\/en\/wp-json\/wp\/v2\/types\/page"}],"author":[{"embeddable":true,"href":"https:\/\/bft-media.com\/en\/wp-json\/wp\/v2\/users\/35"}],"replies":[{"embeddable":true,"href":"https:\/\/bft-media.com\/en\/wp-json\/wp\/v2\/comments?post=487"}],"version-history":[{"count":0,"href":"https:\/\/bft-media.com\/en\/wp-json\/wp\/v2\/pages\/487\/revisions"}],"wp:attachment":[{"href":"https:\/\/bft-media.com\/en\/wp-json\/wp\/v2\/media?parent=487"}],"curies":[{"name":"wp","href":"https:\/\/api.w.org\/{rel}","templated":true}]}}